{"id":3,"date":"2025-02-24T12:21:50","date_gmt":"2025-02-24T12:21:50","guid":{"rendered":"https:\/\/jurgengrupp.ee\/?page_id=3"},"modified":"2026-03-06T16:41:48","modified_gmt":"2026-03-06T16:41:48","slug":"privaatus","status":"publish","type":"page","link":"https:\/\/jurgengrupp.ee\/ru\/privaatus\/","title":{"rendered":"Privaatsuspoliitika"},"content":{"rendered":"<h6 class=\"wp-block-heading\">Viimati uuendatud 01.01.2026<\/h6>\n\n\n\n<p>Jurgengrupp O\u00dc austab teie privaatsust ja kaitseb teie isikuandmeid. K\u00e4esolev privaatsuspoliitika selgitab, kuidas me kogume, kasutame ja kaitseme teie andmeid.<\/p>\n\n\n\n<h3 class=\"wp-block-heading\">1. Milliseid andmeid kogume<\/h3>\n\n\n\n<p>V\u00f5ime koguda j\u00e4rgmisi andmeid:<br>nimi<br>e-posti aadress<br>telefoninumber<br>p\u00e4ringu v\u00f5i s\u00f5numi sisu<br>tehnilised andmed (nt IP-aadress ja k\u00fcpsised)<br><br>Andmeid kogutakse siis, kui:<br>t\u00e4idate meie kontaktivormisaadate meile p\u00e4ringu<br>kasutate meie veebilehte<\/p>\n\n\n\n<h3 class=\"wp-block-heading\">2. Milleks andmeid kasutame<\/h3>\n\n\n\n<p>Kasutame kogutud andmeid:<br>p\u00e4ringutele vastamiseks<br>hinnapakkumise koostamiseks<br>teenuste pakkumiseks<br>kliendisuhtluseks<br>veebilehe kasutuse anal\u00fc\u00fcsimiseks<\/p>\n\n\n\n<h3 class=\"wp-block-heading\">3. Andmete s\u00e4ilitamine<\/h3>\n\n\n\n<p>S\u00e4ilitame isikuandmeid ainult nii kaua, kui see on vajalik teenuse osutamiseks v\u00f5i seadusest tulenevate kohustuste t\u00e4itmiseks<\/p>\n\n\n\n<h3 class=\"wp-block-heading\">4. Andmete jagamine<\/h3>\n\n\n\n<p>Me ei m\u00fc\u00fc ega jaga teie isikuandmeid kolmandatele osapooltele, v\u00e4lja arvatud juhul kui:<br>see on vajalik teenuse osutamiseks<br>seda n\u00f5uab seadus<\/p>\n\n\n\n<h3 class=\"wp-block-heading\">5. K\u00fcpsised<\/h3>\n\n\n\n<p>Meie veebileht v\u00f5ib kasutada k\u00fcpsiseid, et parandada kasutajakogemust ja anal\u00fc\u00fcsida veebilehe kasutamist.<\/p>\n\n\n\n<h3 class=\"wp-block-heading\">6. Teie \u00f5igused<\/h3>\n\n\n\n<p>Teil on \u00f5igus:<br>saada teavet oma andmete kohta<br>n\u00f5uda andmete parandamist v\u00f5i kustutamist<br>piirata andmete t\u00f6\u00f6tlemist<\/p>\n\n\n\n<h3 class=\"wp-block-heading\">7. Kontakt<\/h3>\n\n\n\n<p>Kui teil on k\u00fcsimusi seoses privaatsuspoliitikaga v\u00f5i oma andmetega, v\u00f5tke meiega \u00fchendust:<\/p>\n\n\n\n<p>Jurgengrupp O\u00dc<br>E-post:\u00a0<a href=\"mailto:info@jurgengrupp.ee\" target=\"_blank\" rel=\"noreferrer noopener\">info<\/a>@saetee11<\/p>\n\n\n\n<p>Veebileht:\u00a0<a href=\"https:\/\/jurgengrupp.ee\/ru\/\" target=\"_blank\" rel=\"noreferrer noopener\">https:\/\/jurgengrupp.ee<\/a>\u2060<\/p>\n\n\n\n<p><\/p>","protected":false},"excerpt":{"rendered":"<p>Viimati uuendatud 01.01.2026 Jurgengrupp O\u00dc austab teie privaatsust ja kaitseb teie isikuandmeid. K\u00e4esolev privaatsuspoliitika selgitab, kuidas me kogume, kasutame ja kaitseme teie andmeid. 1. Milliseid andmeid kogume V\u00f5ime koguda j\u00e4rgmisi andmeid:nimie-posti aadresstelefoninumberp\u00e4ringu v\u00f5i s\u00f5numi sisutehnilised andmed (nt IP-aadress ja k\u00fcpsised) Andmeid kogutakse siis, kui:t\u00e4idate meie kontaktivormisaadate meile p\u00e4ringukasutate meie veebilehte 2. Milleks andmeid kasutame Kasutame [&hellip;]<\/p>","protected":false},"author":1,"featured_media":0,"parent":0,"menu_order":1,"comment_status":"closed","ping_status":"closed","template":"","meta":{"om_disable_all_campaigns":false,"_monsterinsights_skip_tracking":false,"_monsterinsights_sitenote_active":false,"_monsterinsights_sitenote_note":"","_monsterinsights_sitenote_category":0,"_uf_show_specific_survey":0,"_uf_disable_surveys":false,"ngg_post_thumbnail":0,"footnotes":""},"class_list":["post-3","page","type-page","status-publish","hentry"],"aioseo_notices":[],"_links":{"self":[{"href":"https:\/\/jurgengrupp.ee\/ru\/wp-json\/wp\/v2\/pages\/3","targetHints":{"allow":["GET"]}}],"collection":[{"href":"https:\/\/jurgengrupp.ee\/ru\/wp-json\/wp\/v2\/pages"}],"about":[{"href":"https:\/\/jurgengrupp.ee\/ru\/wp-json\/wp\/v2\/types\/page"}],"author":[{"embeddable":true,"href":"https:\/\/jurgengrupp.ee\/ru\/wp-json\/wp\/v2\/users\/1"}],"replies":[{"embeddable":true,"href":"https:\/\/jurgengrupp.ee\/ru\/wp-json\/wp\/v2\/comments?post=3"}],"version-history":[{"count":2,"href":"https:\/\/jurgengrupp.ee\/ru\/wp-json\/wp\/v2\/pages\/3\/revisions"}],"predecessor-version":[{"id":554,"href":"https:\/\/jurgengrupp.ee\/ru\/wp-json\/wp\/v2\/pages\/3\/revisions\/554"}],"wp:attachment":[{"href":"https:\/\/jurgengrupp.ee\/ru\/wp-json\/wp\/v2\/media?parent=3"}],"curies":[{"name":"wp","href":"https:\/\/api.w.org\/{rel}","templated":true}]}}