{"id":21,"date":"2025-02-24T12:49:11","date_gmt":"2025-02-24T12:49:11","guid":{"rendered":"https:\/\/jurgengrupp.ee\/home\/"},"modified":"2025-07-22T09:50:27","modified_gmt":"2025-07-22T09:50:27","slug":"home","status":"publish","type":"page","link":"https:\/\/jurgengrupp.ee\/ru\/","title":{"rendered":"\u041a\u0430\u0447\u0435\u0441\u0442\u0432\u0435\u043d\u043d\u043e\u0435 \u0441\u0442\u0440\u043e\u0438\u0442\u0435\u043b\u044c\u0441\u0442\u0432\u043e \u043e\u0442 \u043d\u0430\u0447\u0430\u043b\u0430 \u0434\u043e \u043a\u043e\u043d\u0446\u0430."},"content":{"rendered":"<div class=\"wp-block-group alignfull has-background-background-color has-background has-global-padding is-layout-constrained wp-container-core-group-is-layout-ca05b083 wp-block-group-is-layout-constrained\" style=\"border-top-width:1px;margin-top:0;margin-bottom:0;padding-top:0;padding-bottom:0\">\n<div class=\"wp-block-columns alignwide are-vertically-aligned-top is-layout-flex wp-container-core-columns-is-layout-28232c24 wp-block-columns-is-layout-flex\">\n<div class=\"wp-block-column is-vertically-aligned-top is-layout-flow wp-block-column-is-layout-flow\">\n<div class=\"wp-block-cover\" style=\"min-height:1015px;aspect-ratio:unset;\"><img loading=\"lazy\" decoding=\"async\" width=\"768\" height=\"1024\" class=\"wp-block-cover__image-background wp-image-174 size-large\" alt=\"\" src=\"https:\/\/jurgengrupp.ee\/wp-content\/uploads\/2025\/04\/IMG_4318-768x1024.jpg\" data-object-fit=\"cover\" srcset=\"https:\/\/jurgengrupp.ee\/wp-content\/uploads\/2025\/04\/IMG_4318-768x1024.jpg 768w, https:\/\/jurgengrupp.ee\/wp-content\/uploads\/2025\/04\/IMG_4318-225x300.jpg 225w, https:\/\/jurgengrupp.ee\/wp-content\/uploads\/2025\/04\/IMG_4318-1152x1536.jpg 1152w, https:\/\/jurgengrupp.ee\/wp-content\/uploads\/2025\/04\/IMG_4318-1536x2048.jpg 1536w, https:\/\/jurgengrupp.ee\/wp-content\/uploads\/2025\/04\/IMG_4318-scaled.jpg 1920w\" sizes=\"auto, (max-width: 768px) 100vw, 768px\" \/><span aria-hidden=\"true\" class=\"wp-block-cover__background has-background-dim-0 has-background-dim\" style=\"background-color:#777065\"><\/span><div class=\"wp-block-cover__inner-container is-layout-flow wp-block-cover-is-layout-flow\">\n<details class=\"wp-block-details is-layout-flow wp-block-details-is-layout-flow\"><summary><\/summary>\n<div style=\"height:900px\" aria-hidden=\"true\" class=\"wp-block-spacer\"><\/div>\n<\/details>\n<\/div><\/div>\n<\/div>\n\n\n\n<div class=\"wp-block-column is-vertically-aligned-top is-layout-flow wp-block-column-is-layout-flow\">\n<div class=\"wp-block-group has-global-padding is-layout-constrained wp-container-core-group-is-layout-8dbaba53 wp-block-group-is-layout-constrained\" style=\"padding-top:var(--wp--preset--spacing--60);padding-right:var(--wp--preset--spacing--50);padding-bottom:var(--wp--preset--spacing--60);padding-left:var(--wp--preset--spacing--50)\">\n<h2 class=\"wp-block-heading\">\u041a\u0430\u0447\u0435\u0441\u0442\u0432\u043e \u0438 \u0442\u043e\u0447\u043d\u043e\u0441\u0442\u044c \u043d\u0430 \u043a\u0430\u0436\u0434\u043e\u043c \u044d\u0442\u0430\u043f\u0435<\/h2>\n\n\n\n<p style=\"margin-top:16px\">\u041d\u0430\u0448\u0430 \u0446\u0435\u043b\u044c \u2014 \u0432\u043e\u043f\u043b\u043e\u0442\u0438\u0442\u044c \u0432\u0430\u0448\u0438 \u0438\u0434\u0435\u0438 \u0432 \u0440\u0435\u0430\u043b\u044c\u043d\u043e\u0441\u0442\u044c. \u041c\u044b \u0438\u0441\u043f\u043e\u043b\u044c\u0437\u0443\u0435\u043c \u0438\u043d\u043d\u043e\u0432\u0430\u0446\u0438\u043e\u043d\u043d\u044b\u0435 \u043c\u0435\u0442\u043e\u0434\u044b \u0438 \u0438\u043d\u0434\u0438\u0432\u0438\u0434\u0443\u0430\u043b\u044c\u043d\u044b\u0435 \u0440\u0435\u0448\u0435\u043d\u0438\u044f, \u0447\u0442\u043e\u0431\u044b \u043f\u043e\u043c\u043e\u0447\u044c \u0432\u0430\u043c \u0434\u043e\u0441\u0442\u0438\u0447\u044c \u0432\u0430\u0448\u0438\u0445 \u043c\u0435\u0447\u0442 \u0438 \u0446\u0435\u043b\u0435\u0439 \u0432 \u0441\u0442\u0440\u043e\u0438\u0442\u0435\u043b\u044c\u0441\u0442\u0432\u0435.<\/p>\n\n\n\n<div class=\"wp-block-buttons is-layout-flex wp-container-core-buttons-is-layout-12dcd427 wp-block-buttons-is-layout-flex\" style=\"margin-top:var(--wp--preset--spacing--40)\">\n<div class=\"wp-block-button\"><a class=\"wp-block-button__link wp-element-button\" href=\"https:\/\/jurgengrupp.ee\/ru\/meist\/\">\u0427\u0438\u0442\u0430\u0442\u044c \u0434\u0430\u043b\u0435\u0435<\/a><\/div>\n<\/div>\n<\/div>\n<\/div>\n<\/div>\n<\/div>\n\n\n\n<div class=\"wp-block-group alignfull has-tertiary-background-color has-background has-global-padding is-layout-constrained wp-container-core-group-is-layout-7d1597ee wp-block-group-is-layout-constrained\" id=\"about\" style=\"border-top-width:1px;margin-top:0;margin-bottom:0;padding-top:var(--wp--preset--spacing--60);padding-right:0;padding-bottom:var(--wp--preset--spacing--60);padding-left:0\">\n<div class=\"wp-block-columns alignwide is-layout-flex wp-container-core-columns-is-layout-d0bbbce0 wp-block-columns-is-layout-flex\">\n<div class=\"wp-block-column is-layout-flow wp-block-column-is-layout-flow\">\n<div class=\"wp-block-group has-global-padding is-layout-constrained wp-block-group-is-layout-constrained\" style=\"padding-top:var(--wp--preset--spacing--60);padding-bottom:var(--wp--preset--spacing--60)\">\n<h2 class=\"wp-block-heading\">\u0412\u0430\u0448\u0438 \u0438\u0434\u0435\u0438 \u2014 \u043d\u0430\u0448\u0438 \u0440\u0435\u0448\u0435\u043d\u0438\u044f<\/h2>\n\n\n\n<p style=\"margin-top:16px\">Jurgen Grupp O\u00dc \u0441\u0442\u0440\u0435\u043c\u0438\u0442\u0441\u044f \u043a \u043a\u0430\u0447\u0435\u0441\u0442\u0432\u0443 \u0438 \u043d\u0430\u0434\u0451\u0436\u043d\u043e\u0441\u0442\u0438, \u043f\u0440\u0435\u0434\u043b\u0430\u0433\u0430\u044f \u0441\u0442\u0440\u043e\u0438\u0442\u0435\u043b\u044c\u043d\u044b\u0435 \u0443\u0441\u043b\u0443\u0433\u0438, \u043a\u043e\u0442\u043e\u0440\u044b\u0435 \u043f\u043e\u0434\u0434\u0435\u0440\u0436\u0438\u0432\u0430\u044e\u0442 \u0432\u0438\u0434\u0435\u043d\u0438\u0435 \u043a\u043b\u0438\u0435\u043d\u0442\u043e\u0432 \u0438 \u043f\u043e\u043c\u043e\u0433\u0430\u044e\u0442 \u0434\u043e\u0441\u0442\u0438\u0433\u0430\u0442\u044c \u0443\u0441\u0442\u043e\u0439\u0447\u0438\u0432\u044b\u0445 \u0440\u0435\u0437\u0443\u043b\u044c\u0442\u0430\u0442\u043e\u0432. \u041d\u0430\u0448\u0430 \u043c\u0438\u0441\u0441\u0438\u044f \u2014 \u043e\u0431\u0435\u0441\u043f\u0435\u0447\u0438\u0432\u0430\u0442\u044c \u043a\u0430\u0436\u0434\u043e\u043c\u0443 \u043f\u0440\u043e\u0435\u043a\u0442\u0443 \u0438\u043d\u0434\u0438\u0432\u0438\u0434\u0443\u0430\u043b\u044c\u043d\u044b\u0439 \u0438 \u043f\u0440\u043e\u0444\u0435\u0441\u0441\u0438\u043e\u043d\u0430\u043b\u044c\u043d\u044b\u0439 \u043f\u043e\u0434\u0445\u043e\u0434, \u0432\u0441\u0435\u0433\u0434\u0430 \u0443\u0447\u0438\u0442\u044b\u0432\u0430\u044f \u0434\u043e\u043b\u0433\u043e\u0441\u0440\u043e\u0447\u043d\u043e\u0435 \u0441\u043e\u0442\u0440\u0443\u0434\u043d\u0438\u0447\u0435\u0441\u0442\u0432\u043e \u0438 \u0443\u0434\u043e\u0432\u043b\u0435\u0442\u0432\u043e\u0440\u0451\u043d\u043d\u043e\u0441\u0442\u044c \u0437\u0430\u043a\u0430\u0437\u0447\u0438\u043a\u0430.<\/p>\n\n\n\n<div class=\"wp-block-buttons is-layout-flex wp-block-buttons-is-layout-flex\">\n<div class=\"wp-block-button\"><a class=\"wp-block-button__link wp-element-button\" href=\"https:\/\/jurgengrupp.ee\/ru\/teenused\/\">\u041e\u0437\u043d\u0430\u043a\u043e\u043c\u044c\u0442\u0435\u0441\u044c \u0441 \u0443\u0441\u043b\u0443\u0433\u0430\u043c\u0438 <\/a><\/div>\n<\/div>\n<\/div>\n<\/div>\n\n\n\n<div class=\"wp-block-column is-layout-flow wp-block-column-is-layout-flow\">\n<figure class=\"wp-block-gallery has-nested-images columns-default is-cropped wp-block-gallery-1 is-layout-flex wp-block-gallery-is-layout-flex\">\n<figure class=\"wp-block-image size-large\"><img loading=\"lazy\" decoding=\"async\" width=\"1024\" height=\"768\" data-id=\"58\" src=\"https:\/\/jurgengrupp.ee\/wp-content\/uploads\/2025\/02\/luGmJbYHnMAYfbNu5bdcs9JIXhPiCXtEoBYG1xA9-1024x768.jpg\" alt=\"Maja k\u00f5rvalhoone ehitus\" class=\"wp-image-58\" style=\"aspect-ratio:4\/3;object-fit:cover\" srcset=\"https:\/\/jurgengrupp.ee\/wp-content\/uploads\/2025\/02\/luGmJbYHnMAYfbNu5bdcs9JIXhPiCXtEoBYG1xA9-1024x768.jpg 1024w, https:\/\/jurgengrupp.ee\/wp-content\/uploads\/2025\/02\/luGmJbYHnMAYfbNu5bdcs9JIXhPiCXtEoBYG1xA9-300x225.jpg 300w, https:\/\/jurgengrupp.ee\/wp-content\/uploads\/2025\/02\/luGmJbYHnMAYfbNu5bdcs9JIXhPiCXtEoBYG1xA9-768x576.jpg 768w, https:\/\/jurgengrupp.ee\/wp-content\/uploads\/2025\/02\/luGmJbYHnMAYfbNu5bdcs9JIXhPiCXtEoBYG1xA9-1536x1152.jpg 1536w, https:\/\/jurgengrupp.ee\/wp-content\/uploads\/2025\/02\/luGmJbYHnMAYfbNu5bdcs9JIXhPiCXtEoBYG1xA9-2048x1536.jpg 2048w\" sizes=\"auto, (max-width: 1024px) 100vw, 1024px\" \/><figcaption class=\"wp-element-caption\">\u0421\u0430\u0440\u0430\u0439, \u043a\u043e\u0442\u043e\u0440\u044b\u0439 \u0433\u0430\u0440\u043c\u043e\u043d\u0438\u0440\u0443\u0435\u0442 \u0441 \u0432\u043d\u0435\u0448\u043d\u0438\u043c \u0432\u0438\u0434\u043e\u043c \u0434\u043e\u043c\u0430. <\/figcaption><\/figure>\n<\/figure>\n<\/div>\n<\/div>\n\n\n\n<div class=\"wp-block-columns is-layout-flex wp-container-core-columns-is-layout-28f84493 wp-block-columns-is-layout-flex\">\n<div class=\"wp-block-column is-layout-flow wp-block-column-is-layout-flow\" style=\"flex-basis:50%\"><\/div>\n\n\n\n<div class=\"wp-block-column is-layout-flow wp-block-column-is-layout-flow\" style=\"flex-basis:25%\"><\/div>\n<\/div>\n\n\n\n<p><\/p>\n<\/div>\n\n\n\n<div class=\"wp-block-group alignfull has-tertiary-background-color has-background has-global-padding is-layout-constrained wp-container-core-group-is-layout-6a1386d3 wp-block-group-is-layout-constrained\" id=\"contact\" style=\"border-top-width:1px;margin-top:0;margin-bottom:0;padding-top:var(--wp--preset--spacing--60);padding-right:0;padding-bottom:var(--wp--preset--spacing--60);padding-left:0\">\n<h2 class=\"wp-block-heading has-text-align-center\">\u041d\u0430\u0434\u0451\u0436\u043d\u044b\u0435 \u0441\u0442\u0440\u043e\u0438\u0442\u0435\u043b\u044c\u043d\u044b\u0435 \u0440\u0435\u0448\u0435\u043d\u0438\u044f \u043f\u043e \u0432\u0441\u0435\u0439 \u042e\u0436\u043d\u043e\u0439 \u042d\u0441\u0442\u043e\u043d\u0438\u0438.<\/h2>\n\n\n\n<figure class=\"wp-block-image aligncenter size-full is-resized\"><img loading=\"lazy\" decoding=\"async\" width=\"568\" height=\"568\" src=\"https:\/\/jurgengrupp.ee\/wp-content\/uploads\/2025\/02\/unnamed.jpg\" alt=\"Jurgen Grupp J\u00fcri Senjavina\" class=\"wp-image-30\" style=\"width:243px;height:auto\" srcset=\"https:\/\/jurgengrupp.ee\/wp-content\/uploads\/2025\/02\/unnamed.jpg 568w, https:\/\/jurgengrupp.ee\/wp-content\/uploads\/2025\/02\/unnamed-300x300.jpg 300w, https:\/\/jurgengrupp.ee\/wp-content\/uploads\/2025\/02\/unnamed-150x150.jpg 150w\" sizes=\"auto, (max-width: 568px) 100vw, 568px\" \/><figcaption class=\"wp-element-caption\">J\u00fcri Senjavin<\/figcaption><\/figure>\n\n\n\n<p class=\"has-text-align-center\"><strong>Jurgen Grupp O\u00dc<\/strong><\/p>\n\n\n\n<p class=\"has-text-align-center\" style=\"margin-top:0;margin-bottom:0\"><strong>T\u00f5rvandi, Tartumaa<\/strong><\/p>\n\n\n\n<p class=\"has-text-align-center has-small-font-size\" style=\"margin-top:8px\">+372 56972711<\/p>\n\n\n\n<p class=\"has-text-align-center has-small-font-size\" style=\"margin-top:8px\">info@jurgengrupp.ee<\/p>\n<\/div>\n\n\n\n<div class=\"wp-block-group alignfull has-tertiary-background-color has-background has-global-padding is-layout-constrained wp-container-core-group-is-layout-6fa30f3f wp-block-group-is-layout-constrained\" id=\"features\" style=\"border-top-width:1px;margin-top:0;margin-bottom:0;padding-top:0;padding-right:0;padding-bottom:0;padding-left:0\">\n<div class=\"wp-block-columns alignwide is-layout-flex wp-container-core-columns-is-layout-28232c24 wp-block-columns-is-layout-flex\">\n<div class=\"wp-block-column is-layout-flow wp-block-column-is-layout-flow\" style=\"padding-top:var(--wp--preset--spacing--60);padding-right:var(--wp--preset--spacing--40);padding-bottom:var(--wp--preset--spacing--60);padding-left:var(--wp--preset--spacing--40)\">\n<div class=\"wp-block-group has-global-padding is-content-justification-left is-layout-constrained wp-container-core-group-is-layout-12dd3699 wp-block-group-is-layout-constrained\">\n<h2 class=\"wp-block-heading\">\u041f\u0440\u043e\u0444\u0435\u0441\u0441\u0438\u043e\u043d\u0430\u043b\u044c\u043d\u044b\u0435 \u0440\u0430\u0431\u043e\u0442\u044b \u043f\u043e \u0444\u0430\u0441\u0430\u0434\u0443 \u0438 \u0444\u0443\u043d\u0434\u0430\u043c\u0435\u043d\u0442\u0443.<\/h2>\n\n\n\n<p style=\"margin-top:16px\">\u041d\u0430\u0448\u0438 \u0443\u0441\u043b\u0443\u0433\u0438 \u043e\u0431\u044a\u0435\u0434\u0438\u043d\u044f\u044e\u0442 \u043a\u0430\u0447\u0435\u0441\u0442\u0432\u043e \u0438 \u043e\u043f\u044b\u0442, \u043f\u0440\u0435\u0434\u043b\u0430\u0433\u0430\u044f \u0440\u0435\u0448\u0435\u043d\u0438\u044f, \u043a\u043e\u0442\u043e\u0440\u044b\u0435 \u0441\u043e\u043e\u0442\u0432\u0435\u0442\u0441\u0442\u0432\u0443\u044e\u0442 \u043a\u0430\u0436\u0434\u043e\u043c\u0443 \u0437\u0430\u043f\u0440\u043e\u0441\u0443 \u0438 \u043e\u0436\u0438\u0434\u0430\u043d\u0438\u044f\u043c \u043a\u043b\u0438\u0435\u043d\u0442\u0430.<\/p>\n<\/div>\n<\/div>\n\n\n\n<div class=\"wp-block-column is-layout-flow wp-container-core-column-is-layout-650d693b wp-block-column-is-layout-flow\" style=\"padding-top:var(--wp--preset--spacing--60);padding-right:var(--wp--preset--spacing--40);padding-bottom:var(--wp--preset--spacing--60);padding-left:var(--wp--preset--spacing--40)\">\n<div class=\"wp-block-group has-global-padding is-content-justification-left is-layout-constrained wp-container-core-group-is-layout-12dd3699 wp-block-group-is-layout-constrained\">\n<h3 class=\"wp-block-heading\" style=\"font-size:clamp(14px, 0.875rem + ((1vw - 3.2px) * 0.625), 20px);line-height:1.5\">\u0420\u0435\u043d\u043e\u0432\u0430\u0446\u0438\u044f<\/h3>\n\n\n\n<p class=\"has-small-font-size\" style=\"margin-top:8px\">\u041c\u044b \u043f\u0440\u0435\u0434\u043b\u0430\u0433\u0430\u0435\u043c \u0443\u0441\u043b\u0443\u0433\u0438 \u043f\u043e \u0440\u0435\u043d\u043e\u0432\u0430\u0446\u0438\u0438 \u0434\u043b\u044f \u0432\u043e\u0441\u0441\u0442\u0430\u043d\u043e\u0432\u043b\u0435\u043d\u0438\u044f \u0438 \u043e\u0431\u043d\u043e\u0432\u043b\u0435\u043d\u0438\u044f \u0432\u0430\u0448\u0435\u0433\u043e \u0434\u043e\u043c\u0430 \u0438\u043b\u0438 \u0437\u0434\u0430\u043d\u0438\u044f.<\/p>\n<\/div>\n\n\n\n<div class=\"wp-block-group has-global-padding is-content-justification-left is-layout-constrained wp-container-core-group-is-layout-12dd3699 wp-block-group-is-layout-constrained\">\n<h3 class=\"wp-block-heading\" style=\"font-size:clamp(14px, 0.875rem + ((1vw - 3.2px) * 0.625), 20px);line-height:1.5\">\u0421\u0442\u043e\u043b\u044f\u0440\u043d\u044b\u0435 \u0440\u0430\u0431\u043e\u0442\u044b<\/h3>\n\n\n\n<p class=\"has-small-font-size\" style=\"margin-top:8px\">\u041a\u0430\u0447\u0435\u0441\u0442\u0432\u0435\u043d\u043d\u044b\u0435 \u0441\u0442\u043e\u043b\u044f\u0440\u043d\u044b\u0435 \u0440\u0430\u0431\u043e\u0442\u044b, \u043f\u0440\u0438\u0434\u0430\u044e\u0449\u0438\u0435 \u0432\u0430\u0448\u0438\u043c \u043f\u0440\u043e\u0435\u043a\u0442\u0430\u043c \u0438\u043d\u0434\u0438\u0432\u0438\u0434\u0443\u0430\u043b\u044c\u043d\u043e\u0441\u0442\u044c \u0438 \u0434\u043e\u043b\u0433\u043e\u0432\u0435\u0447\u043d\u043e\u0441\u0442\u044c.<\/p>\n<\/div>\n\n\n\n<div class=\"wp-block-group has-global-padding is-content-justification-left is-layout-constrained wp-container-core-group-is-layout-12dd3699 wp-block-group-is-layout-constrained\">\n<h3 class=\"wp-block-heading\" style=\"font-size:clamp(14px, 0.875rem + ((1vw - 3.2px) * 0.625), 20px);line-height:1.5\">\u041e\u0442\u0434\u0435\u043b\u043a\u0430 \u0444\u0430\u0441\u0430\u0434\u043e\u0432<\/h3>\n\n\n\n<p class=\"has-small-font-size\" style=\"margin-top:8px\">\u041f\u0440\u043e\u0444\u0435\u0441\u0441\u0438\u043e\u043d\u0430\u043b\u044c\u043d\u0430\u044f \u0438 \u0434\u043e\u043b\u0433\u043e\u0432\u0435\u0447\u043d\u0430\u044f \u043e\u0442\u0434\u0435\u043b\u043a\u0430 \u0444\u0430\u0441\u0430\u0434\u043e\u0432 \u0434\u043b\u044f \u0432\u0430\u0448\u0435\u0433\u043e \u0437\u0434\u0430\u043d\u0438\u044f.<\/p>\n<\/div>\n\n\n\n<div class=\"wp-block-group has-global-padding is-content-justification-left is-layout-constrained wp-container-core-group-is-layout-12dd3699 wp-block-group-is-layout-constrained\">\n<h3 class=\"wp-block-heading\" style=\"font-size:clamp(14px, 0.875rem + ((1vw - 3.2px) * 0.625), 20px);line-height:1.5\">\u0424\u0443\u043d\u0434\u0430\u043c\u0435\u043d\u0442\u043d\u044b\u0435 \u0440\u0430\u0431\u043e\u0442\u044b<\/h3>\n\n\n\n<p class=\"has-small-font-size\" style=\"margin-top:8px\">\u041f\u0440\u043e\u0447\u043d\u044b\u0435 \u0438 \u043d\u0430\u0434\u0451\u0436\u043d\u044b\u0435 \u0444\u0443\u043d\u0434\u0430\u043c\u0435\u043d\u0442\u044b, \u0441\u043e\u0437\u0434\u0430\u044e\u0449\u0438\u0435 \u0441\u0442\u0430\u0431\u0438\u043b\u044c\u043d\u0443\u044e \u043e\u0441\u043d\u043e\u0432\u0443 \u0434\u043b\u044f \u043a\u0430\u0436\u0434\u043e\u0433\u043e \u043f\u0440\u043e\u0435\u043a\u0442\u0430.<\/p>\n<\/div>\n<\/div>\n<\/div>\n<\/div>\n\n\n\n<p><\/p>","protected":false},"excerpt":{"rendered":"<p>Kvaliteet ja t\u00e4psus igal sammul Meie eesm\u00e4rk on muuta teie ideed reaalsuseks \u2013 kasutame uuenduslikke meetodeid ja isikup\u00e4rastatud lahendusi, et aidata saavutada teie unistused ja eesm\u00e4rgid. Teie ideed, meie lahendused Jurgen Grupp O\u00dc on p\u00fchendunud kvaliteedile ja usaldusv\u00e4\u00e4rsusele, pakkudes ehitusteenuseid, mis toetavad klientide visioone ja aitavad luua kestvaid tulemusi. Meie missioon on tagada igale projektile [&hellip;]<\/p>","protected":false},"author":1,"featured_media":0,"parent":0,"menu_order":1,"comment_status":"closed","ping_status":"closed","template":"","meta":{"om_disable_all_campaigns":false,"_monsterinsights_skip_tracking":false,"_monsterinsights_sitenote_active":false,"_monsterinsights_sitenote_note":"","_monsterinsights_sitenote_category":0,"_uf_show_specific_survey":0,"_uf_disable_surveys":false,"ngg_post_thumbnail":0,"footnotes":""},"class_list":["post-21","page","type-page","status-publish","hentry"],"aioseo_notices":[],"_links":{"self":[{"href":"https:\/\/jurgengrupp.ee\/ru\/wp-json\/wp\/v2\/pages\/21","targetHints":{"allow":["GET"]}}],"collection":[{"href":"https:\/\/jurgengrupp.ee\/ru\/wp-json\/wp\/v2\/pages"}],"about":[{"href":"https:\/\/jurgengrupp.ee\/ru\/wp-json\/wp\/v2\/types\/page"}],"author":[{"embeddable":true,"href":"https:\/\/jurgengrupp.ee\/ru\/wp-json\/wp\/v2\/users\/1"}],"replies":[{"embeddable":true,"href":"https:\/\/jurgengrupp.ee\/ru\/wp-json\/wp\/v2\/comments?post=21"}],"version-history":[{"count":5,"href":"https:\/\/jurgengrupp.ee\/ru\/wp-json\/wp\/v2\/pages\/21\/revisions"}],"predecessor-version":[{"id":530,"href":"https:\/\/jurgengrupp.ee\/ru\/wp-json\/wp\/v2\/pages\/21\/revisions\/530"}],"wp:attachment":[{"href":"https:\/\/jurgengrupp.ee\/ru\/wp-json\/wp\/v2\/media?parent=21"}],"curies":[{"name":"wp","href":"https:\/\/api.w.org\/{rel}","templated":true}]}}