{"id":20,"date":"2025-02-24T12:49:11","date_gmt":"2025-02-24T12:49:11","guid":{"rendered":"https:\/\/jurgengrupp.ee\/teenused\/"},"modified":"2025-03-09T15:03:06","modified_gmt":"2025-03-09T15:03:06","slug":"teenused","status":"publish","type":"page","link":"https:\/\/jurgengrupp.ee\/ru\/teenused\/","title":{"rendered":"\u0423\u0441\u043b\u0443\u0433\u0438"},"content":{"rendered":"<div class=\"wp-block-group alignfull has-background-background-color has-background has-global-padding is-layout-constrained wp-container-core-group-is-layout-6fa30f3f wp-block-group-is-layout-constrained\" id=\"features\" style=\"border-top-width:1px;margin-top:0;margin-bottom:0;padding-top:0;padding-right:0;padding-bottom:0;padding-left:0\">\n<div class=\"wp-block-columns alignwide is-layout-flex wp-container-core-columns-is-layout-28232c24 wp-block-columns-is-layout-flex\">\n<div class=\"wp-block-column is-layout-flow wp-container-core-column-is-layout-650d693b wp-block-column-is-layout-flow\" style=\"padding-top:var(--wp--preset--spacing--60);padding-right:var(--wp--preset--spacing--40);padding-bottom:var(--wp--preset--spacing--60);padding-left:var(--wp--preset--spacing--40)\">\n<h4 class=\"wp-block-heading\"><strong>\u041d\u0430\u0448 \u043f\u0440\u0438\u043e\u0440\u0438\u0442\u0435\u0442 \u2014 \u043e\u0431\u0435\u0441\u043f\u0435\u0447\u0438\u0442\u044c, \u0447\u0442\u043e\u0431\u044b \u043a\u0430\u0436\u0434\u044b\u0439 \u043f\u0440\u043e\u0435\u043a\u0442 \u0442\u043e\u0447\u043d\u043e \u0441\u043e\u043e\u0442\u0432\u0435\u0442\u0441\u0442\u0432\u043e\u0432\u0430\u043b \u043f\u043e\u0442\u0440\u0435\u0431\u043d\u043e\u0441\u0442\u044f\u043c \u0438 \u043e\u0436\u0438\u0434\u0430\u043d\u0438\u044f\u043c \u043a\u043b\u0438\u0435\u043d\u0442\u0430. \u041c\u044b \u043f\u0440\u0435\u0434\u043b\u0430\u0433\u0430\u0435\u043c \u0438\u043d\u0434\u0438\u0432\u0438\u0434\u0443\u0430\u043b\u044c\u043d\u044b\u0439 \u043f\u043e\u0434\u0445\u043e\u0434 \u0438 \u043f\u0440\u043e\u0444\u0435\u0441\u0441\u0438\u043e\u043d\u0430\u043b\u044c\u043d\u0443\u044e \u043a\u043e\u043d\u0441\u0443\u043b\u044c\u0442\u0430\u0446\u0438\u044e \u043a\u0430\u0436\u0434\u043e\u043c\u0443 \u0437\u0430\u043a\u0430\u0437\u0447\u0438\u043a\u0443. \u0421\u043e\u0442\u0440\u0443\u0434\u043d\u0438\u0447\u0430\u044f \u0441 \u043d\u0430\u043c\u0438, \u0432\u044b \u043c\u043e\u0436\u0435\u0442\u0435 \u0431\u044b\u0442\u044c \u0443\u0432\u0435\u0440\u0435\u043d\u044b, \u0447\u0442\u043e \u0440\u0430\u0431\u043e\u0442\u0430 \u0431\u0443\u0434\u0435\u0442 \u0432\u044b\u043f\u043e\u043b\u043d\u0435\u043d\u0430 \u043a\u0430\u0447\u0435\u0441\u0442\u0432\u0435\u043d\u043d\u043e, \u0430\u043a\u043a\u0443\u0440\u0430\u0442\u043d\u043e \u0438 \u0432 \u0441\u0440\u043e\u043a.<\/strong><\/h4>\n\n\n\n<p><br><strong>\u2022 \u041e\u0431\u0449\u0435\u0441\u0442\u0440\u043e\u0438\u0442\u0435\u043b\u044c\u043d\u044b\u0435 \u0438 \u0440\u0435\u043c\u043e\u043d\u0442\u043d\u044b\u0435 \u0440\u0430\u0431\u043e\u0442\u044b<\/strong><br><br><strong>\u2022\u00a0<strong>\u0424\u0443\u043d\u0434\u0430\u043c\u0435\u043d\u0442\u043d\u044b\u0435 \u0440\u0430\u0431\u043e\u0442\u044b<\/strong><\/strong><br> <em>\u041f\u043b\u0438\u0442\u043d\u044b\u0439, \u043b\u0435\u043d\u0442\u043e\u0447\u043d\u044b\u0439, \u0432\u0438\u043d\u0442\u043e\u0432\u043e\u0439 \u0438 \u0441\u0442\u043e\u043b\u0431\u0447\u0430\u0442\u044b\u0439 \u0444\u0443\u043d\u0434\u0430\u043c\u0435\u043d\u0442 <\/em><br><br>\u2022\u00a0<strong>\u0424\u0430\u0441\u0430\u0434\u043d\u044b\u0435 \u0440\u0430\u0431\u043e\u0442\u044b<\/strong><br><em>\u0423\u0442\u0435\u043f\u043b\u0435\u043d\u0438\u0435, \u043e\u0431\u0448\u0438\u0432\u043a\u0430 \u0434\u043e\u0441\u043a\u043e\u0439, \u043f\u043e\u043a\u0440\u0430\u0441\u043a\u0430<\/em><br><br>\u2022\u00a0<strong>\u0423\u0441\u0442\u0430\u043d\u043e\u0432\u043a\u0430 \u043a\u0440\u044b\u0448\u0438<\/strong>,<strong> \u0417\u0430\u043c\u0435\u043d\u0430 \u043f\u043e\u043a\u0440\u044b\u0442\u0438\u044f \u043a\u0440\u044b\u0448\u0438<\/strong><br><em>\u0414\u0435\u043c\u043e\u043d\u0442\u0430\u0436 \u0441\u0442\u0430\u0440\u043e\u0439 \u043a\u0440\u044b\u0448\u0438, \u0443\u0441\u0442\u0430\u043d\u043e\u0432\u043a\u0430 \u0433\u0438\u0431\u043a\u043e\u0439 \u0447\u0435\u0440\u0435\u043f\u0438\u0446\u044b, \u043c\u0435\u0442\u0430\u043b\u043b\u0438\u0447\u0435\u0441\u043a\u043e\u0439, \u0448\u0438\u0444\u0435\u0440\u043d\u043e\u0439 \u0438 \u0447\u0435\u0440\u0435\u043f\u0438\u0447\u043d\u043e\u0439 \u043a\u0440\u043e\u0432\u043b\u0438.<\/em><br><br>\u2022\u00a0<strong>\u0423\u0441\u0442\u0430\u043d\u043e\u0432\u043a\u0430 \u0432\u043e\u0434\u043e\u0441\u0442\u043e\u0447\u043d\u044b\u0445 \u0441\u0438\u0441\u0442\u0435\u043c<\/strong><br><em>\u0420\u0435\u043c\u043e\u043d\u0442, \u0443\u0441\u0442\u0430\u043d\u043e\u0432\u043a\u0430, \u0437\u0430\u043c\u0435\u043d\u0430<\/em><br><br>\u2022\u00a0<strong>\u0423\u0441\u0442\u0430\u043d\u043e\u0432\u043a\u0430 \u0434\u0432\u0435\u0440\u0435\u0439 \u0438 \u043e\u043a\u043e\u043d<\/strong><br><br>\u2022\u00a0<strong>\u0423\u0441\u0442\u0440\u043e\u0439\u0441\u0442\u0432\u043e \u0434\u0435\u0440\u0435\u0432\u044f\u043d\u043d\u044b\u0445 \u0438 \u0431\u0435\u0442\u043e\u043d\u043d\u044b\u0445 \u043f\u043e\u043b\u043e\u0432<\/strong><br><em>\u0423\u043a\u043b\u0430\u0434\u043a\u0430 \u043b\u0430\u043c\u0438\u043d\u0430\u0442\u0430, \u043f\u0430\u0440\u043a\u0435\u0442\u0430, \u043a\u043e\u0432\u0440\u043e\u043b\u0438\u043d\u0430 \u0438 \u043d\u0430\u043f\u043e\u043b\u044c\u043d\u044b\u0445 \u043f\u043b\u0438\u043d\u0442\u0443\u0441\u043e\u0432. \u0423\u0442\u0435\u043f\u043b\u0435\u043d\u0438\u0435 \u043f\u043e\u043b\u0430. \u0423\u0441\u0442\u0430\u043d\u043e\u0432\u043a\u0430 \u0442\u0451\u043f\u043b\u043e\u0433\u043e \u043f\u043e\u043b\u0430. <\/em><br><br>\u2022\u00a0<strong>\u0420\u0435\u043d\u043e\u0432\u0430\u0446\u0438\u044f<\/strong><br>\u0420\u0435\u043d\u043e\u0432\u0430\u0446\u0438\u044f \u043a\u0440\u044b\u0448\u0438, \u0444\u0430\u0441\u0430\u0434\u0430 \u0438 \u0444\u0443\u043d\u0434\u0430\u043c\u0435\u043d\u0442\u0430. \u0420\u0435\u043c\u043e\u043d\u0442 \u0434\u0432\u0435\u0440\u0435\u0439 \u0438 \u043e\u043a\u043e\u043d. <br><br>\u2022\u00a0<strong>\u0421\u0442\u043e\u043b\u044f\u0440\u043d\u044b\u0435 \u0440\u0430\u0431\u043e\u0442\u044b<\/strong><br><br>\u2022\u00a0<strong>\u0421\u0442\u0440\u043e\u0438\u0442\u0435\u043b\u044c\u0441\u0442\u0432\u043e \u0437\u0430\u0431\u043e\u0440\u0430<\/strong><br>\u0423\u0441\u0442\u0430\u043d\u043e\u0432\u043a\u0430 \u0441\u0442\u043e\u043b\u0431\u043e\u0432, \u0441\u0432\u0430\u0440\u043d\u0430\u044f \u0441\u0435\u0442\u043a\u0430, 3D-\u043f\u0430\u043d\u0435\u043b\u044c \u0438 \u0434\u0435\u0440\u0435\u0432\u044f\u043d\u043d\u044b\u0439 \u0437\u0430\u0431\u043e\u0440.<br><br>\u2022\u00a0<strong>\u0421\u0442\u0440\u043e\u0438\u0442\u0435\u043b\u044c\u0441\u0442\u0432\u043e \u0442\u0435\u0440\u0440\u0430\u0441 \u0438 \u0445\u043e\u0437\u044f\u0439\u0441\u0442\u0432\u0435\u043d\u043d\u044b\u0445 \u043f\u043e\u0441\u0442\u0440\u043e\u0435\u043a<\/strong><br>\u0422\u0435\u0440\u0440\u0430\u0441\u044b, \u0431\u0430\u043b\u043a\u043e\u043d\u044b, \u0441\u0430\u0434\u043e\u0432\u044b\u0435 \u0434\u043e\u043c\u0438\u043a\u0438, \u0441\u0430\u0440\u0430\u0438<br><br>\u2022\u00a0<strong>\u041f\u043e\u043a\u0440\u0430\u0441\u043a\u0430 \u0434\u043e\u043c\u043e\u0432 <\/strong><br><br>\u2022\u00a0<strong>\u0421\u0431\u043e\u0440\u043a\u0430 \u0438 \u0443\u0441\u0442\u0430\u043d\u043e\u0432\u043a\u0430 \u043c\u0435\u0431\u0435\u043b\u0438 \u0438 \u0432\u043d\u0443\u0442\u0440\u0435\u043d\u043d\u0435\u0433\u043e \u0438\u043d\u0432\u0435\u043d\u0442\u0430\u0440\u044f <\/strong><br><br>\u2022\u00a0<strong>\u0422\u0440\u0430\u043d\u0441\u043f\u043e\u0440\u0442\u043d\u044b\u0435 \u0443\u0441\u043b\u0443\u0433\u0438 \u043d\u0430 \u0444\u0443\u0440\u0433\u043e\u043d\u0435 \u0441 \u043f\u0440\u0438\u0446\u0435\u043f\u043e\u043c <\/strong><\/p>\n\n\n\n<p><strong>\u041d\u0430\u0434\u0451\u0436\u043d\u044b\u0439 \u043f\u0430\u0440\u0442\u043d\u0451\u0440 \u0434\u043b\u044f \u043b\u044e\u0431\u044b\u0445 \u0441\u0442\u0440\u043e\u0438\u0442\u0435\u043b\u044c\u043d\u044b\u0445 \u0440\u0430\u0431\u043e\u0442<\/strong><br>\u0421\u0434\u0435\u043b\u0430\u0439\u0442\u0435 \u0441\u043b\u0435\u0434\u0443\u044e\u0449\u0438\u0439 \u0448\u0430\u0433 \u2014 \u0437\u0430\u043a\u0430\u0436\u0438\u0442\u0435 \u043d\u0430\u0448\u0438 \u043a\u0430\u0447\u0435\u0441\u0442\u0432\u0435\u043d\u043d\u044b\u0435 \u0441\u0442\u0440\u043e\u0438\u0442\u0435\u043b\u044c\u043d\u044b\u0435 \u0443\u0441\u043b\u0443\u0433\u0438 \u0443\u0436\u0435 \u0441\u0435\u0433\u043e\u0434\u043d\u044f!<\/p>\n\n\n\n<div class=\"wp-block-buttons is-layout-flex wp-block-buttons-is-layout-flex\">\n<div class=\"wp-block-button\"><a class=\"wp-block-button__link wp-element-button\" href=\"https:\/\/jurgengrupp.ee\/ru\/kontakt\/\">\u0421\u0432\u044f\u0436\u0438\u0442\u0435\u0441\u044c \u0441 \u043d\u0430\u043c\u0438 <\/a><\/div>\n<\/div>\n<\/div>\n<\/div>\n<\/div>\n\n\n\n<p><\/p>","protected":false},"excerpt":{"rendered":"<p>Meie prioriteediks on tagada, et iga projekt vastaks t\u00e4pselt kliendi vajadustele ja ootustele. Pakume igale kliendile personaalset l\u00e4henemist ning professionaalset n\u00f5ustamist. Koost\u00f6\u00f6s meiega v\u00f5ite kindel olla, et t\u00f6\u00f6 valmib kvaliteetselt, korrektselt ja \u00f5igeaegselt. \u2022\u00a0\u00dcldehitus &#8211; ja remondit\u00f6\u00f6d \u2022\u00a0Vundamendit\u00f6\u00f6d Plaat-, lint-, kruvi- ja postvundament \u2022\u00a0Fassaadit\u00f6\u00f6dSoojusetamine, laudvooder, v\u00e4rvimine \u2022\u00a0Katuse paigaldus, katusekatte vahetusVana katuse demonteerimine, sindel-, plekk-, eterniit- [&hellip;]<\/p>","protected":false},"author":1,"featured_media":0,"parent":0,"menu_order":1,"comment_status":"closed","ping_status":"closed","template":"","meta":{"om_disable_all_campaigns":false,"_monsterinsights_skip_tracking":false,"_monsterinsights_sitenote_active":false,"_monsterinsights_sitenote_note":"","_monsterinsights_sitenote_category":0,"_uf_show_specific_survey":0,"_uf_disable_surveys":false,"ngg_post_thumbnail":0,"footnotes":""},"class_list":["post-20","page","type-page","status-publish","hentry"],"aioseo_notices":[],"_links":{"self":[{"href":"https:\/\/jurgengrupp.ee\/ru\/wp-json\/wp\/v2\/pages\/20","targetHints":{"allow":["GET"]}}],"collection":[{"href":"https:\/\/jurgengrupp.ee\/ru\/wp-json\/wp\/v2\/pages"}],"about":[{"href":"https:\/\/jurgengrupp.ee\/ru\/wp-json\/wp\/v2\/types\/page"}],"author":[{"embeddable":true,"href":"https:\/\/jurgengrupp.ee\/ru\/wp-json\/wp\/v2\/users\/1"}],"replies":[{"embeddable":true,"href":"https:\/\/jurgengrupp.ee\/ru\/wp-json\/wp\/v2\/comments?post=20"}],"version-history":[{"count":5,"href":"https:\/\/jurgengrupp.ee\/ru\/wp-json\/wp\/v2\/pages\/20\/revisions"}],"predecessor-version":[{"id":148,"href":"https:\/\/jurgengrupp.ee\/ru\/wp-json\/wp\/v2\/pages\/20\/revisions\/148"}],"wp:attachment":[{"href":"https:\/\/jurgengrupp.ee\/ru\/wp-json\/wp\/v2\/media?parent=20"}],"curies":[{"name":"wp","href":"https:\/\/api.w.org\/{rel}","templated":true}]}}