{"id":17,"date":"2025-02-24T12:49:11","date_gmt":"2025-02-24T12:49:11","guid":{"rendered":"https:\/\/jurgengrupp.ee\/meist\/"},"modified":"2025-03-10T07:58:08","modified_gmt":"2025-03-10T07:58:08","slug":"meist","status":"publish","type":"page","link":"https:\/\/jurgengrupp.ee\/ru\/meist\/","title":{"rendered":"\u041e \u043d\u0430\u0441"},"content":{"rendered":"<div class=\"wp-block-group alignfull has-tertiary-background-color has-background has-global-padding is-layout-constrained wp-container-core-group-is-layout-7d1597ee wp-block-group-is-layout-constrained\" id=\"about\" style=\"border-top-width:1px;margin-top:0;margin-bottom:0;padding-top:var(--wp--preset--spacing--60);padding-right:0;padding-bottom:var(--wp--preset--spacing--60);padding-left:0\">\n<div class=\"wp-block-columns alignwide is-layout-flex wp-container-core-columns-is-layout-d0bbbce0 wp-block-columns-is-layout-flex\">\n<div class=\"wp-block-column is-layout-flow wp-block-column-is-layout-flow\">\n<div class=\"wp-block-group has-global-padding is-layout-constrained wp-block-group-is-layout-constrained\" style=\"padding-top:var(--wp--preset--spacing--60);padding-bottom:var(--wp--preset--spacing--60)\">\n<h2 class=\"wp-block-heading\">\u041f\u0440\u043e\u0444\u0435\u0441\u0441\u0438\u043e\u043d\u0430\u043b\u044c\u043d\u044b\u0435 \u0441\u0442\u0440\u043e\u0438\u0442\u0435\u043b\u044c\u043d\u044b\u0435 \u0440\u0430\u0431\u043e\u0442\u044b \u0432 \u0422\u0430\u0440\u0442\u0443\u043c\u0430\u0430 \u0438 \u042e\u0436\u043d\u043e\u0439 \u042d\u0441\u0442\u043e\u043d\u0438\u0438<\/h2>\n\n\n\n<p style=\"margin-top:16px\">Jurgen Grupp O\u00dc \u043e\u0441\u043d\u043e\u0432\u0430\u043d\u0430 \u043d\u0430 \u043a\u0430\u0447\u0435\u0441\u0442\u0432\u0435, \u043d\u0430\u0434\u0451\u0436\u043d\u043e\u0441\u0442\u0438 \u0438 \u043e\u0440\u0438\u0435\u043d\u0442\u0438\u0440\u043e\u0432\u0430\u043d\u043d\u043e\u0441\u0442\u0438 \u043d\u0430 \u043a\u043b\u0438\u0435\u043d\u0442\u0430. \u041d\u0430\u0448\u0430 \u043a\u043e\u043c\u0430\u043d\u0434\u0430 \u0441\u043e\u0447\u0435\u0442\u0430\u0435\u0442 \u043c\u043d\u043e\u0433\u043e\u043b\u0435\u0442\u043d\u0438\u0439 \u043e\u043f\u044b\u0442 \u0438 \u0438\u043d\u043d\u043e\u0432\u0430\u0446\u0438\u043e\u043d\u043d\u044b\u0435 \u0440\u0435\u0448\u0435\u043d\u0438\u044f, \u0447\u0442\u043e\u0431\u044b \u043f\u0440\u0435\u0434\u043e\u0441\u0442\u0430\u0432\u0438\u0442\u044c \u043a\u0430\u0436\u0434\u043e\u043c\u0443 \u043a\u043b\u0438\u0435\u043d\u0442\u0443 \u0443\u043d\u0438\u043a\u0430\u043b\u044c\u043d\u0443\u044e \u0446\u0435\u043d\u043d\u043e\u0441\u0442\u044c \u0438 \u0443\u0441\u0442\u043e\u0439\u0447\u0438\u0432\u043e\u0435 \u0443\u0434\u043e\u0432\u043b\u0435\u0442\u0432\u043e\u0440\u0435\u043d\u0438\u0435.<br><br><br>\u0421\u0442\u0440\u043e\u0438\u0442\u0435\u043b\u044c\u043d\u0430\u044f \u043a\u043e\u043c\u0430\u043d\u0434\u0430 \u0441 \u043c\u043d\u043e\u0433\u043e\u043b\u0435\u0442\u043d\u0438\u043c \u043e\u043f\u044b\u0442\u043e\u043c. \u041c\u044b \u043f\u043e\u043c\u043e\u0436\u0435\u043c \u0432\u0430\u043c \u0440\u0435\u0430\u043b\u0438\u0437\u043e\u0432\u0430\u0442\u044c \u0432\u0430\u0448\u0438 \u0441\u0442\u0440\u043e\u0438\u0442\u0435\u043b\u044c\u043d\u044b\u0435 \u0436\u0435\u043b\u0430\u043d\u0438\u044f \u0438 \u0438\u0434\u0435\u0438 \u2014 \u043a\u0430\u043a \u0441\u043e\u0432\u0435\u0442\u043e\u043c, \u0442\u0430\u043a \u0438 \u0434\u0435\u043b\u043e\u043c. <br><\/p>\n<\/div>\n<\/div>\n\n\n\n<div class=\"wp-block-column is-layout-flow wp-block-column-is-layout-flow\">\n<figure class=\"wp-block-image size-large\"><img loading=\"lazy\" decoding=\"async\" width=\"768\" height=\"1024\" src=\"https:\/\/jurgengrupp.ee\/wp-content\/uploads\/2025\/02\/bVooBKWlcGg56d9u9aksYfPdVSm0KuQwOqO3b8cP-768x1024.jpg\" alt=\"Maja v\u00e4rvimine\" class=\"wp-image-61\" style=\"aspect-ratio:4\/3;object-fit:cover\" srcset=\"https:\/\/jurgengrupp.ee\/wp-content\/uploads\/2025\/02\/bVooBKWlcGg56d9u9aksYfPdVSm0KuQwOqO3b8cP-768x1024.jpg 768w, https:\/\/jurgengrupp.ee\/wp-content\/uploads\/2025\/02\/bVooBKWlcGg56d9u9aksYfPdVSm0KuQwOqO3b8cP-225x300.jpg 225w, https:\/\/jurgengrupp.ee\/wp-content\/uploads\/2025\/02\/bVooBKWlcGg56d9u9aksYfPdVSm0KuQwOqO3b8cP-1152x1536.jpg 1152w, https:\/\/jurgengrupp.ee\/wp-content\/uploads\/2025\/02\/bVooBKWlcGg56d9u9aksYfPdVSm0KuQwOqO3b8cP-1536x2048.jpg 1536w, https:\/\/jurgengrupp.ee\/wp-content\/uploads\/2025\/02\/bVooBKWlcGg56d9u9aksYfPdVSm0KuQwOqO3b8cP.jpg 1875w\" sizes=\"auto, (max-width: 768px) 100vw, 768px\" \/><\/figure>\n<\/div>\n<\/div>\n<\/div>\n\n\n\n<div class=\"wp-block-group alignfull has-tertiary-background-color has-background has-global-padding is-layout-constrained wp-container-core-group-is-layout-b8f1cce0 wp-block-group-is-layout-constrained\" id=\"testimonials\" style=\"border-top-width:1px;margin-top:0;margin-bottom:0;padding-top:0;padding-right:var(--wp--preset--spacing--30);padding-bottom:0;padding-left:var(--wp--preset--spacing--30)\">\n<div class=\"wp-block-group alignwide is-layout-flow wp-block-group-is-layout-flow\" style=\"padding-top:var(--wp--preset--spacing--60);padding-bottom:var(--wp--preset--spacing--60)\">\n<p class=\"has-text-align-center has-large-font-size\" style=\"font-style:normal;font-weight:500;line-height:1.3\">\u042d\u0442\u043e \u0434\u043e\u043a\u0430\u0437\u0430\u0442\u0435\u043b\u044c\u0441\u0442\u0432\u043e \u043d\u0430\u0448\u0435\u0433\u043e \u043c\u0430\u0441\u0442\u0435\u0440\u0441\u0442\u0432\u0430 \u0438 \u0441\u0442\u0440\u0435\u043c\u043b\u0435\u043d\u0438\u044f \u043a \u0432\u0430\u0448\u0435\u043c\u0443 \u0443\u0434\u043e\u0432\u043b\u0435\u0442\u0432\u043e\u0440\u0435\u043d\u0438\u044e.<\/p>\n\n\n\n<div class=\"wp-block-group has-global-padding is-layout-constrained wp-container-core-group-is-layout-03abb0ef wp-block-group-is-layout-constrained\">\n<figure class=\"wp-block-image aligncenter size-full is-style-rounded is-style-rounded--1\"><img loading=\"lazy\" decoding=\"async\" width=\"568\" height=\"568\" src=\"https:\/\/jurgengrupp.ee\/wp-content\/uploads\/2025\/02\/unnamed.jpg\" alt=\"\" class=\"wp-image-30\" style=\"aspect-ratio:1;object-fit:cover\" srcset=\"https:\/\/jurgengrupp.ee\/wp-content\/uploads\/2025\/02\/unnamed.jpg 568w, https:\/\/jurgengrupp.ee\/wp-content\/uploads\/2025\/02\/unnamed-300x300.jpg 300w, https:\/\/jurgengrupp.ee\/wp-content\/uploads\/2025\/02\/unnamed-150x150.jpg 150w\" sizes=\"auto, (max-width: 568px) 100vw, 568px\" \/><\/figure>\n<\/div>\n\n\n\n<h4 class=\"wp-block-heading has-text-align-center\" style=\"margin-top:18px;font-size:clamp(14px, 0.875rem + ((1vw - 3.2px) * 0.417), 18px);\">J\u00fcri Senjavina<\/h4>\n\n\n\n<p class=\"has-text-align-center has-small-font-size\" style=\"margin-top:4px\"><\/p>\n<\/div>\n<\/div>","protected":false},"excerpt":{"rendered":"<p>Professionaalsed ehitust\u00f6\u00f6d Tartumaal ja L\u00f5una-Eestis Jurgen Grupp O\u00dc p\u00f5hineb kvaliteedil, usaldusv\u00e4\u00e4rsusel ja kliendikesksusel. Meie meeskond kombineerib aastatepikkust kogemust ning uuenduslikke lahendusi, et pakkuda igale kliendile ainulaadset v\u00e4\u00e4rtust ja p\u00fcsivat rahulolu. Pikaaegse kogemusega ehitusmeeskond. Aitame nii n\u00f5u kui j\u00f5uga viia ellu teie ehitusalased soovid ja ideed. See on t\u00f5end meie meisterlikkusest ja p\u00fchendumisest teie rahulolule. J\u00fcri [&hellip;]<\/p>","protected":false},"author":1,"featured_media":0,"parent":0,"menu_order":2,"comment_status":"closed","ping_status":"closed","template":"","meta":{"om_disable_all_campaigns":false,"_monsterinsights_skip_tracking":false,"_monsterinsights_sitenote_active":false,"_monsterinsights_sitenote_note":"","_monsterinsights_sitenote_category":0,"_uf_show_specific_survey":0,"_uf_disable_surveys":false,"ngg_post_thumbnail":0,"footnotes":""},"class_list":["post-17","page","type-page","status-publish","hentry"],"aioseo_notices":[],"_links":{"self":[{"href":"https:\/\/jurgengrupp.ee\/ru\/wp-json\/wp\/v2\/pages\/17","targetHints":{"allow":["GET"]}}],"collection":[{"href":"https:\/\/jurgengrupp.ee\/ru\/wp-json\/wp\/v2\/pages"}],"about":[{"href":"https:\/\/jurgengrupp.ee\/ru\/wp-json\/wp\/v2\/types\/page"}],"author":[{"embeddable":true,"href":"https:\/\/jurgengrupp.ee\/ru\/wp-json\/wp\/v2\/users\/1"}],"replies":[{"embeddable":true,"href":"https:\/\/jurgengrupp.ee\/ru\/wp-json\/wp\/v2\/comments?post=17"}],"version-history":[{"count":5,"href":"https:\/\/jurgengrupp.ee\/ru\/wp-json\/wp\/v2\/pages\/17\/revisions"}],"predecessor-version":[{"id":158,"href":"https:\/\/jurgengrupp.ee\/ru\/wp-json\/wp\/v2\/pages\/17\/revisions\/158"}],"wp:attachment":[{"href":"https:\/\/jurgengrupp.ee\/ru\/wp-json\/wp\/v2\/media?parent=17"}],"curies":[{"name":"wp","href":"https:\/\/api.w.org\/{rel}","templated":true}]}}